{"id":46,"date":"2024-01-23T16:30:29","date_gmt":"2024-01-23T19:30:29","guid":{"rendered":"https:\/\/basesocial.org\/?page_id=46"},"modified":"2024-02-23T12:30:43","modified_gmt":"2024-02-23T15:30:43","slug":"transparencia","status":"publish","type":"page","link":"https:\/\/basesocial.org\/index.php\/transparencia\/","title":{"rendered":"Transpar\u00eancia"},"content":{"rendered":"\t\t<div data-elementor-type=\"wp-page\" data-elementor-id=\"46\" class=\"elementor elementor-46\" data-elementor-post-type=\"page\">\n\t\t\t\t<div class=\"elementor-element elementor-element-a4d4289 e-con-full e-flex e-con e-parent\" data-id=\"a4d4289\" data-element_type=\"container\" data-e-type=\"container\" data-settings=\"{&quot;background_background&quot;:&quot;classic&quot;}\">\n\t\t\t\t<\/div>\n\t\t<div class=\"elementor-element elementor-element-40878a1 e-flex e-con-boxed e-con e-parent\" data-id=\"40878a1\" data-element_type=\"container\" data-e-type=\"container\">\n\t\t\t\t\t<div class=\"e-con-inner\">\n\t\t\t\t<div class=\"elementor-element elementor-element-e7ebead elementor-widget elementor-widget-heading\" data-id=\"e7ebead\" data-element_type=\"widget\" data-e-type=\"widget\" data-widget_type=\"heading.default\">\n\t\t\t\t<div class=\"elementor-widget-container\">\n\t\t\t\t\t<h2 class=\"elementor-heading-title elementor-size-default\">Bem-vindo \u00e0 p\u00e1gina de transpar\u00eancia da Base Social.<\/h2>\t\t\t\t<\/div>\n\t\t\t\t<\/div>\n\t\t\t\t<div class=\"elementor-element elementor-element-a4f0e09 elementor-widget__width-initial elementor-widget-tablet__width-inherit elementor-widget-mobile__width-inherit elementor-widget elementor-widget-text-editor\" data-id=\"a4f0e09\" data-element_type=\"widget\" data-e-type=\"widget\" data-widget_type=\"text-editor.default\">\n\t\t\t\t<div class=\"elementor-widget-container\">\n\t\t\t\t\t\t\t\t\t<p>Este \u00e9 o lugar onde fornecemos informa\u00e7\u00f5es claras e acess\u00edveis sobre nossas pr\u00e1ticas e pol\u00edticas organizacionais. Aqui, voc\u00ea encontrar\u00e1 detalhes sobre nossas finan\u00e7as, governan\u00e7a, impacto social e muito mais. Estamos comprometidos em sermos transparentes e respons\u00e1veis em tudo o que fazemos e esperamos que esta p\u00e1gina seja \u00fatil para voc\u00ea.<\/p>\t\t\t\t\t\t\t\t<\/div>\n\t\t\t\t<\/div>\n\t\t<div class=\"elementor-element elementor-element-0ca8a5b e-con-full e-flex e-con e-child\" data-id=\"0ca8a5b\" data-element_type=\"container\" data-e-type=\"container\">\n\t\t<div class=\"elementor-element elementor-element-d7b089b e-con-full e-flex e-con e-child\" data-id=\"d7b089b\" data-element_type=\"container\" data-e-type=\"container\">\n\t\t<div class=\"elementor-element elementor-element-2bf228d e-con-full e-flex e-con e-child\" data-id=\"2bf228d\" data-element_type=\"container\" data-e-type=\"container\">\n\t\t\t\t<div class=\"elementor-element elementor-element-0c7d0ce elementor-widget elementor-widget-heading\" data-id=\"0c7d0ce\" data-element_type=\"widget\" data-e-type=\"widget\" data-widget_type=\"heading.default\">\n\t\t\t\t<div class=\"elementor-widget-container\">\n\t\t\t\t\t<h3 class=\"elementor-heading-title elementor-size-default\">Certificados<\/h3>\t\t\t\t<\/div>\n\t\t\t\t<\/div>\n\t\t\t\t<div class=\"elementor-element elementor-element-711fdaa elementor-widget__width-initial elementor-grid-1 elementor-grid-mobile-1 elementor-widget elementor-widget-loop-grid\" data-id=\"711fdaa\" data-element_type=\"widget\" data-e-type=\"widget\" data-settings=\"{&quot;template_id&quot;:&quot;3848&quot;,&quot;columns&quot;:1,&quot;row_gap&quot;:{&quot;unit&quot;:&quot;px&quot;,&quot;size&quot;:20,&quot;sizes&quot;:[]},&quot;_skin&quot;:&quot;post&quot;,&quot;columns_mobile&quot;:&quot;1&quot;,&quot;edit_handle_selector&quot;:&quot;[data-elementor-type=\\&quot;loop-item\\&quot;]&quot;,&quot;row_gap_tablet&quot;:{&quot;unit&quot;:&quot;px&quot;,&quot;size&quot;:&quot;&quot;,&quot;sizes&quot;:[]},&quot;row_gap_mobile&quot;:{&quot;unit&quot;:&quot;px&quot;,&quot;size&quot;:&quot;&quot;,&quot;sizes&quot;:[]}}\" data-widget_type=\"loop-grid.post\">\n\t\t\t\t<div class=\"elementor-widget-container\">\n\t\t\t\t\t\t\t<div class=\"elementor-loop-container elementor-grid\" role=\"list\">\n\t\t<style id=\"loop-3848\">.elementor-3848 .elementor-element.elementor-element-2c7d7cf{--display:flex;--flex-direction:column;--container-widget-width:100%;--container-widget-height:initial;--container-widget-flex-grow:0;--container-widget-align-self:initial;--flex-wrap-mobile:wrap;}.elementor-widget-heading .elementor-heading-title{font-family:var( --e-global-typography-primary-font-family ), Sans-serif;font-weight:var( --e-global-typography-primary-font-weight );color:var( --e-global-color-primary );}.elementor-3848 .elementor-element.elementor-element-cc37012 .elementor-heading-title{font-family:\"Roboto\", Sans-serif;font-size:16px;font-weight:400;color:#596068;}.elementor-3848 .elementor-element.elementor-element-cc37012.elementor-element{--align-self:flex-start;}\/* Start custom CSS for container, class: .elementor-element-2c7d7cf *\/.transparencia-list-container h4{\n    transition: color .3s !important;\n}\n\n.transparencia-list-container :hover {\n    color: #12B0A1 !important;\n}\/* End custom CSS *\/<\/style>\t\t<div data-elementor-type=\"loop-item\" data-elementor-id=\"3848\" class=\"elementor elementor-3848 e-loop-item e-loop-item-3808 post-3808 transparencia type-transparencia status-publish hentry tipo-do-documento-certificados\" data-elementor-post-type=\"elementor_library\" data-custom-edit-handle=\"1\">\n\t\t\t<a class=\"elementor-element elementor-element-2c7d7cf e-con-full transparencia-list-container e-flex e-con e-parent\" data-id=\"2c7d7cf\" data-element_type=\"container\" data-e-type=\"container\" href=\"https:\/\/basesocial.org\/wp-content\/uploads\/2025\/01\/Certificado_Licenca_JUCESP.pdf\" target=\"_blank\">\n\t\t\t\t<div class=\"elementor-element elementor-element-cc37012 elementor-widget elementor-widget-heading\" data-id=\"cc37012\" data-element_type=\"widget\" data-e-type=\"widget\" data-widget_type=\"heading.default\">\n\t\t\t\t<div class=\"elementor-widget-container\">\n\t\t\t\t\t<h4 class=\"elementor-heading-title elementor-size-default\">Certificado Licen\u00e7a JUCESP<\/h4>\t\t\t\t<\/div>\n\t\t\t\t<\/div>\n\t\t\t\t<\/a>\n\t\t\t\t<\/div>\n\t\t\t\t<\/div>\n\t\t\n\t\t\t\t\t\t<\/div>\n\t\t\t\t<\/div>\n\t\t\t\t<\/div>\n\t\t<div class=\"elementor-element elementor-element-c45972f e-con-full e-flex e-con e-child\" data-id=\"c45972f\" data-element_type=\"container\" data-e-type=\"container\">\n\t\t\t\t<div class=\"elementor-element elementor-element-b8b3f58 elementor-widget elementor-widget-heading\" data-id=\"b8b3f58\" data-element_type=\"widget\" data-e-type=\"widget\" data-widget_type=\"heading.default\">\n\t\t\t\t<div class=\"elementor-widget-container\">\n\t\t\t\t\t<h3 class=\"elementor-heading-title elementor-size-default\">Demonstrativos Cont\u00e1beis<\/h3>\t\t\t\t<\/div>\n\t\t\t\t<\/div>\n\t\t\t\t<div class=\"elementor-element elementor-element-139662d elementor-widget__width-initial elementor-grid-1 elementor-grid-mobile-1 elementor-widget elementor-widget-loop-grid\" data-id=\"139662d\" data-element_type=\"widget\" data-e-type=\"widget\" data-settings=\"{&quot;template_id&quot;:&quot;3848&quot;,&quot;columns&quot;:1,&quot;row_gap&quot;:{&quot;unit&quot;:&quot;px&quot;,&quot;size&quot;:20,&quot;sizes&quot;:[]},&quot;_skin&quot;:&quot;post&quot;,&quot;columns_mobile&quot;:&quot;1&quot;,&quot;edit_handle_selector&quot;:&quot;[data-elementor-type=\\&quot;loop-item\\&quot;]&quot;,&quot;row_gap_tablet&quot;:{&quot;unit&quot;:&quot;px&quot;,&quot;size&quot;:&quot;&quot;,&quot;sizes&quot;:[]},&quot;row_gap_mobile&quot;:{&quot;unit&quot;:&quot;px&quot;,&quot;size&quot;:&quot;&quot;,&quot;sizes&quot;:[]}}\" data-widget_type=\"loop-grid.post\">\n\t\t\t\t<div class=\"elementor-widget-container\">\n\t\t\t\t\t\t\t<div class=\"elementor-loop-container elementor-grid\" role=\"list\">\n\t\t\t\t<div data-elementor-type=\"loop-item\" data-elementor-id=\"3848\" class=\"elementor elementor-3848 e-loop-item e-loop-item-3792 post-3792 transparencia type-transparencia status-publish hentry tipo-do-documento-demonstrativos-contabeis\" data-elementor-post-type=\"elementor_library\" data-custom-edit-handle=\"1\">\n\t\t\t<a class=\"elementor-element elementor-element-2c7d7cf e-con-full transparencia-list-container e-flex e-con e-parent\" data-id=\"2c7d7cf\" data-element_type=\"container\" data-e-type=\"container\" href=\"https:\/\/basesocial.org\/wp-content\/uploads\/2024\/02\/Balancete_2020.pdf\" target=\"_blank\">\n\t\t\t\t<div class=\"elementor-element elementor-element-cc37012 elementor-widget elementor-widget-heading\" data-id=\"cc37012\" data-element_type=\"widget\" data-e-type=\"widget\" data-widget_type=\"heading.default\">\n\t\t\t\t<div class=\"elementor-widget-container\">\n\t\t\t\t\t<h4 class=\"elementor-heading-title elementor-size-default\">Balancete 2020<\/h4>\t\t\t\t<\/div>\n\t\t\t\t<\/div>\n\t\t\t\t<\/a>\n\t\t\t\t<\/div>\n\t\t\t\t<div data-elementor-type=\"loop-item\" data-elementor-id=\"3848\" class=\"elementor elementor-3848 e-loop-item e-loop-item-3993 post-3993 transparencia type-transparencia status-publish hentry tipo-do-documento-demonstrativos-contabeis\" data-elementor-post-type=\"elementor_library\" data-custom-edit-handle=\"1\">\n\t\t\t<a class=\"elementor-element elementor-element-2c7d7cf e-con-full transparencia-list-container e-flex e-con e-parent\" data-id=\"2c7d7cf\" data-element_type=\"container\" data-e-type=\"container\" href=\"https:\/\/basesocial.org\/wp-content\/uploads\/2024\/02\/Balancete-2021.pdf\" target=\"_blank\">\n\t\t\t\t<div class=\"elementor-element elementor-element-cc37012 elementor-widget elementor-widget-heading\" data-id=\"cc37012\" data-element_type=\"widget\" data-e-type=\"widget\" data-widget_type=\"heading.default\">\n\t\t\t\t<div class=\"elementor-widget-container\">\n\t\t\t\t\t<h4 class=\"elementor-heading-title elementor-size-default\">Balancete 2021<\/h4>\t\t\t\t<\/div>\n\t\t\t\t<\/div>\n\t\t\t\t<\/a>\n\t\t\t\t<\/div>\n\t\t\t\t<div data-elementor-type=\"loop-item\" data-elementor-id=\"3848\" class=\"elementor elementor-3848 e-loop-item e-loop-item-3859 post-3859 transparencia type-transparencia status-publish hentry tipo-do-documento-demonstrativos-contabeis\" data-elementor-post-type=\"elementor_library\" data-custom-edit-handle=\"1\">\n\t\t\t<a class=\"elementor-element elementor-element-2c7d7cf e-con-full transparencia-list-container e-flex e-con e-parent\" data-id=\"2c7d7cf\" data-element_type=\"container\" data-e-type=\"container\" href=\"https:\/\/basesocial.org\/wp-content\/uploads\/2024\/02\/balancete-2022.pdf\" target=\"_blank\">\n\t\t\t\t<div class=\"elementor-element elementor-element-cc37012 elementor-widget elementor-widget-heading\" data-id=\"cc37012\" data-element_type=\"widget\" data-e-type=\"widget\" data-widget_type=\"heading.default\">\n\t\t\t\t<div class=\"elementor-widget-container\">\n\t\t\t\t\t<h4 class=\"elementor-heading-title elementor-size-default\">Balancete 2022<\/h4>\t\t\t\t<\/div>\n\t\t\t\t<\/div>\n\t\t\t\t<\/a>\n\t\t\t\t<\/div>\n\t\t\t\t<div data-elementor-type=\"loop-item\" data-elementor-id=\"3848\" class=\"elementor elementor-3848 e-loop-item e-loop-item-4044 post-4044 transparencia type-transparencia status-publish hentry tipo-do-documento-demonstrativos-contabeis\" data-elementor-post-type=\"elementor_library\" data-custom-edit-handle=\"1\">\n\t\t\t<a class=\"elementor-element elementor-element-2c7d7cf e-con-full transparencia-list-container e-flex e-con e-parent\" data-id=\"2c7d7cf\" data-element_type=\"container\" data-e-type=\"container\" href=\"https:\/\/basesocial.org\/wp-content\/uploads\/2025\/01\/Balancete-2023.pdf\" target=\"_blank\">\n\t\t\t\t<div class=\"elementor-element elementor-element-cc37012 elementor-widget elementor-widget-heading\" data-id=\"cc37012\" data-element_type=\"widget\" data-e-type=\"widget\" data-widget_type=\"heading.default\">\n\t\t\t\t<div class=\"elementor-widget-container\">\n\t\t\t\t\t<h4 class=\"elementor-heading-title elementor-size-default\">Balancete 2023<\/h4>\t\t\t\t<\/div>\n\t\t\t\t<\/div>\n\t\t\t\t<\/a>\n\t\t\t\t<\/div>\n\t\t\t\t<div data-elementor-type=\"loop-item\" data-elementor-id=\"3848\" class=\"elementor elementor-3848 e-loop-item e-loop-item-3805 post-3805 transparencia type-transparencia status-publish hentry tipo-do-documento-demonstrativos-contabeis\" data-elementor-post-type=\"elementor_library\" data-custom-edit-handle=\"1\">\n\t\t\t<a class=\"elementor-element elementor-element-2c7d7cf e-con-full transparencia-list-container e-flex e-con e-parent\" data-id=\"2c7d7cf\" data-element_type=\"container\" data-e-type=\"container\" href=\"https:\/\/basesocial.org\/wp-content\/uploads\/2024\/02\/Balanco-Patrimonial_2020.pdf\" target=\"_blank\">\n\t\t\t\t<div class=\"elementor-element elementor-element-cc37012 elementor-widget elementor-widget-heading\" data-id=\"cc37012\" data-element_type=\"widget\" data-e-type=\"widget\" data-widget_type=\"heading.default\">\n\t\t\t\t<div class=\"elementor-widget-container\">\n\t\t\t\t\t<h4 class=\"elementor-heading-title elementor-size-default\">Balan\u00e7o Patrimonial 2020<\/h4>\t\t\t\t<\/div>\n\t\t\t\t<\/div>\n\t\t\t\t<\/a>\n\t\t\t\t<\/div>\n\t\t\t\t<div data-elementor-type=\"loop-item\" data-elementor-id=\"3848\" class=\"elementor elementor-3848 e-loop-item e-loop-item-3804 post-3804 transparencia type-transparencia status-publish hentry tipo-do-documento-demonstrativos-contabeis\" data-elementor-post-type=\"elementor_library\" data-custom-edit-handle=\"1\">\n\t\t\t<a class=\"elementor-element elementor-element-2c7d7cf e-con-full transparencia-list-container e-flex e-con e-parent\" data-id=\"2c7d7cf\" data-element_type=\"container\" data-e-type=\"container\" href=\"https:\/\/basesocial.org\/wp-content\/uploads\/2024\/02\/Balanco-Patrimonial_2021.pdf\" target=\"_blank\">\n\t\t\t\t<div class=\"elementor-element elementor-element-cc37012 elementor-widget elementor-widget-heading\" data-id=\"cc37012\" data-element_type=\"widget\" data-e-type=\"widget\" data-widget_type=\"heading.default\">\n\t\t\t\t<div class=\"elementor-widget-container\">\n\t\t\t\t\t<h4 class=\"elementor-heading-title elementor-size-default\">Balan\u00e7o Patrimonial 2021<\/h4>\t\t\t\t<\/div>\n\t\t\t\t<\/div>\n\t\t\t\t<\/a>\n\t\t\t\t<\/div>\n\t\t\t\t<div data-elementor-type=\"loop-item\" data-elementor-id=\"3848\" class=\"elementor elementor-3848 e-loop-item e-loop-item-3857 post-3857 transparencia type-transparencia status-publish hentry tipo-do-documento-demonstrativos-contabeis\" data-elementor-post-type=\"elementor_library\" data-custom-edit-handle=\"1\">\n\t\t\t<a class=\"elementor-element elementor-element-2c7d7cf e-con-full transparencia-list-container e-flex e-con e-parent\" data-id=\"2c7d7cf\" data-element_type=\"container\" data-e-type=\"container\" href=\"https:\/\/basesocial.org\/wp-content\/uploads\/2024\/02\/balanco-patrimonial-2022.pdf\" target=\"_blank\">\n\t\t\t\t<div class=\"elementor-element elementor-element-cc37012 elementor-widget elementor-widget-heading\" data-id=\"cc37012\" data-element_type=\"widget\" data-e-type=\"widget\" data-widget_type=\"heading.default\">\n\t\t\t\t<div class=\"elementor-widget-container\">\n\t\t\t\t\t<h4 class=\"elementor-heading-title elementor-size-default\">Balan\u00e7o Patrimonial 2022<\/h4>\t\t\t\t<\/div>\n\t\t\t\t<\/div>\n\t\t\t\t<\/a>\n\t\t\t\t<\/div>\n\t\t\t\t<div data-elementor-type=\"loop-item\" data-elementor-id=\"3848\" class=\"elementor elementor-3848 e-loop-item e-loop-item-4045 post-4045 transparencia type-transparencia status-publish hentry tipo-do-documento-demonstrativos-contabeis\" data-elementor-post-type=\"elementor_library\" data-custom-edit-handle=\"1\">\n\t\t\t<a class=\"elementor-element elementor-element-2c7d7cf e-con-full transparencia-list-container e-flex e-con e-parent\" data-id=\"2c7d7cf\" data-element_type=\"container\" data-e-type=\"container\" href=\"https:\/\/basesocial.org\/wp-content\/uploads\/2025\/01\/Balanco-2023.pdf\" target=\"_blank\">\n\t\t\t\t<div class=\"elementor-element elementor-element-cc37012 elementor-widget elementor-widget-heading\" data-id=\"cc37012\" data-element_type=\"widget\" data-e-type=\"widget\" data-widget_type=\"heading.default\">\n\t\t\t\t<div class=\"elementor-widget-container\">\n\t\t\t\t\t<h4 class=\"elementor-heading-title elementor-size-default\">Balan\u00e7o Patrimonial 2023<\/h4>\t\t\t\t<\/div>\n\t\t\t\t<\/div>\n\t\t\t\t<\/a>\n\t\t\t\t<\/div>\n\t\t\t\t<\/div>\n\t\t\n\t\t\t\t\t\t<\/div>\n\t\t\t\t<\/div>\n\t\t\t\t<\/div>\n\t\t\t\t<\/div>\n\t\t<div class=\"elementor-element elementor-element-c6a7632 e-con-full e-flex e-con e-child\" data-id=\"c6a7632\" data-element_type=\"container\" data-e-type=\"container\">\n\t\t<div class=\"elementor-element elementor-element-18ec30b e-con-full e-flex e-con e-child\" data-id=\"18ec30b\" data-element_type=\"container\" data-e-type=\"container\">\n\t\t\t\t<div class=\"elementor-element elementor-element-90d62a5 elementor-widget elementor-widget-heading\" data-id=\"90d62a5\" data-element_type=\"widget\" data-e-type=\"widget\" data-widget_type=\"heading.default\">\n\t\t\t\t<div class=\"elementor-widget-container\">\n\t\t\t\t\t<h3 class=\"elementor-heading-title elementor-size-default\">Registros Societ\u00e1rios<\/h3>\t\t\t\t<\/div>\n\t\t\t\t<\/div>\n\t\t\t\t<div class=\"elementor-element elementor-element-537c2a2 elementor-widget__width-initial elementor-grid-1 elementor-grid-mobile-1 elementor-widget elementor-widget-loop-grid\" data-id=\"537c2a2\" data-element_type=\"widget\" data-e-type=\"widget\" data-settings=\"{&quot;template_id&quot;:&quot;3848&quot;,&quot;columns&quot;:1,&quot;row_gap&quot;:{&quot;unit&quot;:&quot;px&quot;,&quot;size&quot;:20,&quot;sizes&quot;:[]},&quot;_skin&quot;:&quot;post&quot;,&quot;columns_mobile&quot;:&quot;1&quot;,&quot;edit_handle_selector&quot;:&quot;[data-elementor-type=\\&quot;loop-item\\&quot;]&quot;,&quot;row_gap_tablet&quot;:{&quot;unit&quot;:&quot;px&quot;,&quot;size&quot;:&quot;&quot;,&quot;sizes&quot;:[]},&quot;row_gap_mobile&quot;:{&quot;unit&quot;:&quot;px&quot;,&quot;size&quot;:&quot;&quot;,&quot;sizes&quot;:[]}}\" data-widget_type=\"loop-grid.post\">\n\t\t\t\t<div class=\"elementor-widget-container\">\n\t\t\t\t\t\t\t<div class=\"elementor-loop-container elementor-grid\" role=\"list\">\n\t\t\t\t<div data-elementor-type=\"loop-item\" data-elementor-id=\"3848\" class=\"elementor elementor-3848 e-loop-item e-loop-item-3806 post-3806 transparencia type-transparencia status-publish hentry tipo-do-documento-registros-societarios\" data-elementor-post-type=\"elementor_library\" data-custom-edit-handle=\"1\">\n\t\t\t<a class=\"elementor-element elementor-element-2c7d7cf e-con-full transparencia-list-container e-flex e-con e-parent\" data-id=\"2c7d7cf\" data-element_type=\"container\" data-e-type=\"container\" href=\"https:\/\/basesocial.org\/wp-content\/uploads\/2024\/02\/Ata-e-Estatuto-Base-Social.pdf\" target=\"_blank\">\n\t\t\t\t<div class=\"elementor-element elementor-element-cc37012 elementor-widget elementor-widget-heading\" data-id=\"cc37012\" data-element_type=\"widget\" data-e-type=\"widget\" data-widget_type=\"heading.default\">\n\t\t\t\t<div class=\"elementor-widget-container\">\n\t\t\t\t\t<h4 class=\"elementor-heading-title elementor-size-default\">Ata e Estatuto Base Social<\/h4>\t\t\t\t<\/div>\n\t\t\t\t<\/div>\n\t\t\t\t<\/a>\n\t\t\t\t<\/div>\n\t\t\t\t<\/div>\n\t\t\n\t\t\t\t\t\t<\/div>\n\t\t\t\t<\/div>\n\t\t\t\t<\/div>\n\t\t<div class=\"elementor-element elementor-element-5f2f5b2 e-con-full e-flex e-con e-child\" data-id=\"5f2f5b2\" data-element_type=\"container\" data-e-type=\"container\">\n\t\t\t\t<div class=\"elementor-element elementor-element-619998f elementor-widget elementor-widget-heading\" data-id=\"619998f\" data-element_type=\"widget\" data-e-type=\"widget\" data-widget_type=\"heading.default\">\n\t\t\t\t<div class=\"elementor-widget-container\">\n\t\t\t\t\t<h3 class=\"elementor-heading-title elementor-size-default\">Inscri\u00e7\u00f5es e Alvar\u00e1s<\/h3>\t\t\t\t<\/div>\n\t\t\t\t<\/div>\n\t\t\t\t<div class=\"elementor-element elementor-element-f9928b8 elementor-widget__width-initial elementor-grid-1 elementor-grid-mobile-1 elementor-widget elementor-widget-loop-grid\" data-id=\"f9928b8\" data-element_type=\"widget\" data-e-type=\"widget\" data-settings=\"{&quot;template_id&quot;:&quot;3848&quot;,&quot;columns&quot;:1,&quot;row_gap&quot;:{&quot;unit&quot;:&quot;px&quot;,&quot;size&quot;:20,&quot;sizes&quot;:[]},&quot;_skin&quot;:&quot;post&quot;,&quot;columns_mobile&quot;:&quot;1&quot;,&quot;edit_handle_selector&quot;:&quot;[data-elementor-type=\\&quot;loop-item\\&quot;]&quot;,&quot;row_gap_tablet&quot;:{&quot;unit&quot;:&quot;px&quot;,&quot;size&quot;:&quot;&quot;,&quot;sizes&quot;:[]},&quot;row_gap_mobile&quot;:{&quot;unit&quot;:&quot;px&quot;,&quot;size&quot;:&quot;&quot;,&quot;sizes&quot;:[]}}\" data-widget_type=\"loop-grid.post\">\n\t\t\t\t<div class=\"elementor-widget-container\">\n\t\t\t\t\t\t\t<div class=\"elementor-loop-container elementor-grid\" role=\"list\">\n\t\t\t\t<div data-elementor-type=\"loop-item\" data-elementor-id=\"3848\" class=\"elementor elementor-3848 e-loop-item e-loop-item-3813 post-3813 transparencia type-transparencia status-publish hentry tipo-do-documento-inscricoes-e-alvaras\" data-elementor-post-type=\"elementor_library\" data-custom-edit-handle=\"1\">\n\t\t\t<a class=\"elementor-element elementor-element-2c7d7cf e-con-full transparencia-list-container e-flex e-con e-parent\" data-id=\"2c7d7cf\" data-element_type=\"container\" data-e-type=\"container\" href=\"https:\/\/basesocial.org\/wp-content\/uploads\/2025\/01\/CNPJ-Base.pdf\" target=\"_blank\">\n\t\t\t\t<div class=\"elementor-element elementor-element-cc37012 elementor-widget elementor-widget-heading\" data-id=\"cc37012\" data-element_type=\"widget\" data-e-type=\"widget\" data-widget_type=\"heading.default\">\n\t\t\t\t<div class=\"elementor-widget-container\">\n\t\t\t\t\t<h4 class=\"elementor-heading-title elementor-size-default\">Comprovante de Inscri\u00e7\u00e3o e de Situa\u00e7\u00e3o Cadastral CNPJ<\/h4>\t\t\t\t<\/div>\n\t\t\t\t<\/div>\n\t\t\t\t<\/a>\n\t\t\t\t<\/div>\n\t\t\t\t<div data-elementor-type=\"loop-item\" data-elementor-id=\"3848\" class=\"elementor elementor-3848 e-loop-item e-loop-item-3812 post-3812 transparencia type-transparencia status-publish hentry tipo-do-documento-inscricoes-e-alvaras\" data-elementor-post-type=\"elementor_library\" data-custom-edit-handle=\"1\">\n\t\t\t<a class=\"elementor-element elementor-element-2c7d7cf e-con-full transparencia-list-container e-flex e-con e-parent\" data-id=\"2c7d7cf\" data-element_type=\"container\" data-e-type=\"container\" href=\"https:\/\/basesocial.org\/wp-content\/uploads\/2025\/01\/Comprovante-de-Inscricao-e-de-Situacao-Cadastral-Mobiliaria-Municipal-autalizar.pdf\" target=\"_blank\">\n\t\t\t\t<div class=\"elementor-element elementor-element-cc37012 elementor-widget elementor-widget-heading\" data-id=\"cc37012\" data-element_type=\"widget\" data-e-type=\"widget\" data-widget_type=\"heading.default\">\n\t\t\t\t<div class=\"elementor-widget-container\">\n\t\t\t\t\t<h4 class=\"elementor-heading-title elementor-size-default\">Comprovante de Inscri\u00e7\u00e3o e Situa\u00e7\u00e3o Cadastral Mobiliaria Municipal<\/h4>\t\t\t\t<\/div>\n\t\t\t\t<\/div>\n\t\t\t\t<\/a>\n\t\t\t\t<\/div>\n\t\t\t\t<\/div>\n\t\t\n\t\t\t\t\t\t<\/div>\n\t\t\t\t<\/div>\n\t\t\t\t<\/div>\n\t\t\t\t<\/div>\n\t\t\t\t<\/div>\n\t\t\t\t\t<\/div>\n\t\t\t\t<\/div>\n\t\t\t\t<\/div>\n\t\t","protected":false},"excerpt":{"rendered":"<p>Bem-vindo \u00e0 p\u00e1gina de transpar\u00eancia da Base Social. Este \u00e9 o lugar onde fornecemos informa\u00e7\u00f5es claras e acess\u00edveis sobre nossas pr\u00e1ticas e pol\u00edticas organizacionais. Aqui, voc\u00ea encontrar\u00e1 detalhes sobre nossas finan\u00e7as, governan\u00e7a, impacto social e muito mais. Estamos comprometidos em sermos transparentes e respons\u00e1veis em tudo o que fazemos e esperamos que esta p\u00e1gina seja [&hellip;]<\/p>\n","protected":false},"author":2,"featured_media":0,"parent":0,"menu_order":0,"comment_status":"closed","ping_status":"closed","template":"","meta":{"_acf_changed":false,"footnotes":""},"class_list":["post-46","page","type-page","status-publish","hentry"],"acf":[],"aioseo_notices":[],"_links":{"self":[{"href":"https:\/\/basesocial.org\/index.php\/wp-json\/wp\/v2\/pages\/46","targetHints":{"allow":["GET"]}}],"collection":[{"href":"https:\/\/basesocial.org\/index.php\/wp-json\/wp\/v2\/pages"}],"about":[{"href":"https:\/\/basesocial.org\/index.php\/wp-json\/wp\/v2\/types\/page"}],"author":[{"embeddable":true,"href":"https:\/\/basesocial.org\/index.php\/wp-json\/wp\/v2\/users\/2"}],"replies":[{"embeddable":true,"href":"https:\/\/basesocial.org\/index.php\/wp-json\/wp\/v2\/comments?post=46"}],"version-history":[{"count":115,"href":"https:\/\/basesocial.org\/index.php\/wp-json\/wp\/v2\/pages\/46\/revisions"}],"predecessor-version":[{"id":3992,"href":"https:\/\/basesocial.org\/index.php\/wp-json\/wp\/v2\/pages\/46\/revisions\/3992"}],"wp:attachment":[{"href":"https:\/\/basesocial.org\/index.php\/wp-json\/wp\/v2\/media?parent=46"}],"curies":[{"name":"wp","href":"https:\/\/api.w.org\/{rel}","templated":true}]}}